{"id":6984,"date":"2021-01-04T15:31:32","date_gmt":"2021-01-04T14:31:32","guid":{"rendered":"https:\/\/edorteam.com\/cursos-de-formacio-de-servei-public-docupacio-estatal-sepe\/"},"modified":"2021-08-09T11:11:53","modified_gmt":"2021-08-09T09:11:53","slug":"cursos-de-formacio-de-servei-public-docupacio-estatal-sepe","status":"publish","type":"page","link":"https:\/\/edorteam.com\/ca\/cursos-de-formacio-de-servei-public-docupacio-estatal-sepe\/","title":{"rendered":"Cursos de formaci\u00f3 de Servei p\u00fablic d&#8217;Ocupaci\u00f3 Estatal (SEPE)"},"content":{"rendered":"<p>[et_pb_section fb_built=&#8221;1&#8243; _builder_version=&#8221;4.7.7&#8243; _module_preset=&#8221;default&#8221; background_enable_color=&#8221;off&#8221; use_background_color_gradient=&#8221;on&#8221; background_color_gradient_start=&#8221;#e5e8eb&#8221; background_color_gradient_end=&#8221;rgba(255,255,255,0)&#8221; background_color_gradient_direction=&#8221;110deg&#8221; background_color_gradient_start_position=&#8221;20%&#8221; background_color_gradient_end_position=&#8221;80%&#8221; background_color_gradient_overlays_image=&#8221;on&#8221; background_image=&#8221;https:\/\/edorteam.com\/wp-content\/uploads\/aplicacion-entorno-web-desarrollo-empresa.jpg&#8221; background_position=&#8221;bottom_center&#8221; custom_padding=&#8221;120px||||false|false&#8221; hover_enabled=&#8221;0&#8243; background_color_phone=&#8221;rgba(50,62,72,0.1)&#8221; background_last_edited=&#8221;on|tablet&#8221; background_enable_color_phone=&#8221;on&#8221; use_background_color_gradient_phone=&#8221;on&#8221; background_color_gradient_start_phone=&#8221;#e5e5e5&#8243; background_color_gradient_end_tablet=&#8221;rgba(255,255,255,0.35)&#8221; background_color_gradient_end_phone=&#8221;rgba(255,255,255,0.25)&#8221; background_color_gradient_start_position_tablet=&#8221;60%&#8221; background_size_tablet=&#8221;cover&#8221; locked=&#8221;off&#8221; sticky_enabled=&#8221;0&#8243;][et_pb_row column_structure=&#8221;2_3,1_3&#8243; _builder_version=&#8221;4.7.7&#8243; _module_preset=&#8221;default&#8221; custom_padding=&#8221;0px||6vh||false|false&#8221; locked=&#8221;off&#8221;][et_pb_column type=&#8221;2_3&#8243; _builder_version=&#8221;4.6.6&#8243; _module_preset=&#8221;default&#8221;][et_pb_divider show_divider=&#8221;off&#8221; _builder_version=&#8221;4.7.7&#8243; _module_preset=&#8221;default&#8221; min_height=&#8221;2vw&#8221;][\/et_pb_divider][et_pb_text _builder_version=&#8221;4.7.7&#8243; _module_preset=&#8221;default&#8221; header_2_text_color=&#8221;#0073ce&#8221; header_2_font_size=&#8221;2.4em&#8221;]<\/p>\n<h2>Cursos de formaci\u00f3 bonificada<\/h2>\n<h3>Despr\u00e9s de la implantaci\u00f3 de les nostres solucions, formem el teu equip professional<\/h3>\n<p>Complim i implementem els requisits demanats pel Servei p\u00fablic d&#8217;Ocupaci\u00f3 Estatal (SEPE) requerits per les <strong>teleformacions subvencionades<\/strong> per l&#8217;estat.<\/p>\n<p>Aix\u00ed, la formaci\u00f3 del teu equip per aprendre a utilitzar el nostre programari i mesures de seguretat implantades no suposar\u00e0 una despesa addicional a l&#8217;empresa.<\/p>\n<p>[\/et_pb_text][\/et_pb_column][et_pb_column type=&#8221;1_3&#8243; _builder_version=&#8221;4.6.6&#8243; _module_preset=&#8221;default&#8221;][\/et_pb_column][\/et_pb_row][\/et_pb_section][et_pb_section fb_built=&#8221;1&#8243; _builder_version=&#8221;4.6.6&#8243; background_color=&#8221;#ffffff&#8221; bottom_divider_height=&#8221;50px&#8221; bottom_divider_flip=&#8221;vertical&#8221; locked=&#8221;off&#8221;][et_pb_row _builder_version=&#8221;3.25&#8243; animation_style=&#8221;fade&#8221; locked=&#8221;off&#8221;][et_pb_column type=&#8221;4_4&#8243; _builder_version=&#8221;3.25&#8243; custom_padding=&#8221;|||&#8221; custom_padding__hover=&#8221;|||&#8221;][et_pb_text _builder_version=&#8221;4.7.7&#8243; text_orientation=&#8221;center&#8221; custom_margin=&#8221;||0px||false|false&#8221;]<\/p>\n<h2>Cursos de formaci\u00f3 disponibles<\/h2>\n<p>[\/et_pb_text][\/et_pb_column][\/et_pb_row][et_pb_row column_structure=&#8221;1_3,1_3,1_3&#8243; use_custom_gutter=&#8221;on&#8221; gutter_width=&#8221;2&#8243; make_equal=&#8221;on&#8221; _builder_version=&#8221;4.6.6&#8243; _module_preset=&#8221;default&#8221; custom_padding=&#8221;0px||||false|false&#8221; scroll_vertical_motion_enable=&#8221;on&#8221; scroll_vertical_motion=&#8221;0|50|50|100|2|0|0&#8243; motion_trigger_start=&#8221;top&#8221;][et_pb_column type=&#8221;1_3&#8243; _builder_version=&#8221;4.6.6&#8243; _module_preset=&#8221;default&#8221; background_color=&#8221;#ffffff&#8221; custom_padding=&#8221;4vh|4vh|4vh|4vh|true|true&#8221; box_shadow_style=&#8221;preset3&#8243;][et_pb_image src=&#8221;https:\/\/edorteam.com\/wp-content\/uploads\/software-compliance-penal.jpg&#8221; alt=&#8221;Formaci\u00f3 en Llei de Prevenci\u00f3 de Blanqueig de Capitals per a professionals&#8221; title_text=&#8221;programari-compliance-penal&#8221; align=&#8221;center&#8221; _builder_version=&#8221;4.7.7&#8243; _module_preset=&#8221;default&#8221; custom_margin=&#8221;||4vh||false|false&#8221; animation_style=&#8221;slide&#8221; animation_direction=&#8221;top&#8221; animation_intensity_slide=&#8221;20%&#8221;][\/et_pb_image][et_pb_text _builder_version=&#8221;4.7.7&#8243; _module_preset=&#8221;default&#8221; text_line_height=&#8221;1.4em&#8221; header_2_text_color=&#8221;#0073ce&#8221; background_enable_color=&#8221;off&#8221; background_color_gradient_direction=&#8221;125deg&#8221; scroll_vertical_motion_enable=&#8221;on&#8221; scroll_vertical_motion=&#8221;0|50|50|100|2|0|0&#8243; motion_trigger_start=&#8221;top&#8221;]<\/p>\n<h2>Curs de Llei de Prevenci\u00f3 de Blanqueig de Capitals (LPBC) per a professionals<\/h2>\n<p>La Llei 10\/2010 sobre Prevenci\u00f3 de Blanqueig de Capitals i Finan\u00e7ament del Terrorisme, indica al seu article 2n una llarga llista de subjectes obligats al seu compliment.<\/p>\n<p>[\/et_pb_text][\/et_pb_column][et_pb_column type=&#8221;1_3&#8243; _builder_version=&#8221;4.6.6&#8243; _module_preset=&#8221;default&#8221; background_color=&#8221;#ffffff&#8221; custom_padding=&#8221;4vh|4vh|4vh|4vh|true|true&#8221; box_shadow_style=&#8221;preset3&#8243;][et_pb_image src=&#8221;https:\/\/edorteam.com\/wp-content\/uploads\/ley-blanqueo-capitales-lpbc-software.jpg&#8221; alt=&#8221;Curs de formaci\u00f3 en Llei de Prevenci\u00f3 de Blanqueig de Capitals per joieries&#8221; title_text=&#8221;llei-blanqueig-capitals-LPBC-programari&#8221; align=&#8221;center&#8221; _builder_version=&#8221;4.7.7&#8243; _module_preset=&#8221;default&#8221; custom_margin=&#8221;||4vh||false|false&#8221; animation_style=&#8221;slide&#8221; animation_direction=&#8221;top&#8221; animation_intensity_slide=&#8221;20%&#8221;][\/et_pb_image][et_pb_text _builder_version=&#8221;4.7.7&#8243; _module_preset=&#8221;default&#8221; text_line_height=&#8221;1.4em&#8221; header_2_text_color=&#8221;#0073ce&#8221; background_enable_color=&#8221;off&#8221; background_color_gradient_direction=&#8221;125deg&#8221; scroll_vertical_motion_enable=&#8221;on&#8221; scroll_vertical_motion=&#8221;0|50|50|100|2|0|0&#8243; motion_trigger_start=&#8221;top&#8221;]<\/p>\n<h2>Curs d&#8217;LPBC per a empleats de comer\u00e7os de joies, pedres o metalls preciosos<\/h2>\n<p>Segons la Llei 10\/2010, els subjectes obligats han d&#8217;adoptar les mesures oportunes perqu\u00e8 els seus empleats tinguin coneixement de les exig\u00e8ncies derivades d&#8217;aquesta Llei. El present curs forma part del pla anual de formaci\u00f3 per als empleats de comer\u00e7os de joies, pedres o metalls preciosos, en modalitat online.<\/p>\n<p>[\/et_pb_text][\/et_pb_column][et_pb_column type=&#8221;1_3&#8243; _builder_version=&#8221;4.6.6&#8243; _module_preset=&#8221;default&#8221; background_color=&#8221;#ffffff&#8221; custom_padding=&#8221;4vh|4vh|4vh|4vh|true|true&#8221; box_shadow_style=&#8221;preset3&#8243;][et_pb_image src=&#8221;https:\/\/edorteam.com\/wp-content\/uploads\/banner-cookies-cumplir-la-ley.jpg&#8221; alt=&#8221;Curs de formaci\u00f3 en Llei de Protecci\u00f3 de Dades&#8221; title_text=&#8221;banner-galetes-complir-la-llei&#8221; align=&#8221;center&#8221; _builder_version=&#8221;4.7.7&#8243; _module_preset=&#8221;default&#8221; custom_margin=&#8221;||4vh||false|false&#8221; animation_style=&#8221;slide&#8221; animation_direction=&#8221;top&#8221; animation_intensity_slide=&#8221;20%&#8221;][\/et_pb_image][et_pb_text _builder_version=&#8221;4.7.7&#8243; _module_preset=&#8221;default&#8221; text_line_height=&#8221;1.4em&#8221; header_2_text_color=&#8221;#0073ce&#8221; background_enable_color=&#8221;off&#8221; background_color_gradient_direction=&#8221;125deg&#8221; scroll_vertical_motion_enable=&#8221;on&#8221; scroll_vertical_motion=&#8221;0|50|50|100|2|0|0&#8243; motion_trigger_start=&#8221;top&#8221;]<\/p>\n<h2>Curs de Llei de Protecci\u00f3 de Dades<\/h2>\n<p>La Llei Org\u00e0nica 3\/2018, de 5 de desembre, de protecci\u00f3 de dades de dades personals i garantia dels drets digitals t\u00e9 per objecte garantir i protegir, pel que fa a el tractament de les dades personals, les llibertats p\u00fabliques i els drets fonamentals de les persones f\u00edsiques, i especialment del seu honor i intimitat personal i familiar. <\/p>\n<p>[\/et_pb_text][\/et_pb_column][\/et_pb_row][et_pb_row column_structure=&#8221;1_3,1_3,1_3&#8243; use_custom_gutter=&#8221;on&#8221; gutter_width=&#8221;2&#8243; make_equal=&#8221;on&#8221; _builder_version=&#8221;4.7.7&#8243; _module_preset=&#8221;default&#8221; custom_padding=&#8221;0px||||false|false&#8221; scroll_vertical_motion_enable=&#8221;on&#8221; scroll_vertical_motion=&#8221;0|50|50|100|2|0|0&#8243; motion_trigger_start=&#8221;top&#8221;][et_pb_column type=&#8221;1_3&#8243; _builder_version=&#8221;4.6.6&#8243; _module_preset=&#8221;default&#8221; background_color=&#8221;#ffffff&#8221; custom_padding=&#8221;4vh|4vh|4vh|4vh|true|true&#8221; box_shadow_style=&#8221;preset3&#8243;][et_pb_image src=&#8221;https:\/\/edorteam.com\/wp-content\/uploads\/brecha-seguridad-proteccion-datos.jpg&#8221; alt=&#8221;Curs de monitoratge d&#8217;equips Windows amb ET Seguretat&#8221; title_text=&#8221;bretxa-seguretat-protecci\u00f3-dades&#8221; align=&#8221;center&#8221; _builder_version=&#8221;4.7.7&#8243; _module_preset=&#8221;default&#8221; custom_margin=&#8221;||4vh||false|false&#8221; animation_style=&#8221;slide&#8221; animation_direction=&#8221;top&#8221; animation_intensity_slide=&#8221;20%&#8221;][\/et_pb_image][et_pb_text _builder_version=&#8221;4.7.7&#8243; _module_preset=&#8221;default&#8221; text_line_height=&#8221;1.4em&#8221; header_2_text_color=&#8221;#0073ce&#8221; background_enable_color=&#8221;off&#8221; background_color_gradient_direction=&#8221;125deg&#8221; scroll_vertical_motion_enable=&#8221;on&#8221; scroll_vertical_motion=&#8221;0|50|50|100|2|0|0&#8243; motion_trigger_start=&#8221;top&#8221;]<\/p>\n<h2>Aplicaci\u00f3 de mesures de seguretat i monitoritzaci\u00f3 en equips Windows<\/h2>\n<p>Aprendrem a saber qui accedeix a fitxers i\/o aplicacions als nostres ordinadors, a restringir l&#8217;acc\u00e9s, i a tenir fitxers segurs amb el programari ET Seguretat. Explicarem per qu\u00e8 \u00e9s necess\u00e0ria la implantaci\u00f3 d&#8217;aquestes mesures. <\/p>\n<p>[\/et_pb_text][\/et_pb_column][et_pb_column type=&#8221;1_3&#8243; _builder_version=&#8221;4.6.6&#8243; _module_preset=&#8221;default&#8221; background_color=&#8221;#ffffff&#8221; custom_padding=&#8221;4vh|4vh|4vh|4vh|true|true&#8221; box_shadow_style=&#8221;preset3&#8243;][et_pb_image src=&#8221;https:\/\/edorteam.com\/wp-content\/uploads\/consentimiento-uso-datos-empresa.jpg&#8221; alt=&#8221;Curs de gesti\u00f3 documental en l\u00ednia&#8221; title_text=&#8221;consentiment-\u00fas-dades-empresa&#8221; align=&#8221;center&#8221; _builder_version=&#8221;4.7.7&#8243; _module_preset=&#8221;default&#8221; custom_margin=&#8221;||4vh||false|false&#8221; animation_style=&#8221;slide&#8221; animation_direction=&#8221;top&#8221; animation_intensity_slide=&#8221;20%&#8221;][\/et_pb_image][et_pb_text _builder_version=&#8221;4.7.7&#8243; _module_preset=&#8221;default&#8221; text_line_height=&#8221;1.4em&#8221; header_2_text_color=&#8221;#0073ce&#8221; background_enable_color=&#8221;off&#8221; background_color_gradient_direction=&#8221;125deg&#8221; scroll_vertical_motion_enable=&#8221;on&#8221; scroll_vertical_motion=&#8221;0|50|50|100|2|0|0&#8243; motion_trigger_start=&#8221;top&#8221;]<\/p>\n<h2>Curs de Gesti\u00f3 Documental<\/h2>\n<p>Ens centrarem en iniciar-nos en el coneixement del concepte de la gesti\u00f3 documental amb tots els seus avantatges i veurem un enfocament pr\u00e0ctic sobre un sistema real. <\/p>\n<p>[\/et_pb_text][\/et_pb_column][et_pb_column type=&#8221;1_3&#8243; _builder_version=&#8221;4.6.6&#8243; _module_preset=&#8221;default&#8221;][\/et_pb_column][\/et_pb_row][\/et_pb_section]<\/p>\n","protected":false},"excerpt":{"rendered":"<p>Cursos de formaci\u00f3 bonificada Despr\u00e9s de la implantaci\u00f3 de les nostres solucions, formem el teu equip professional Complim i implementem els requisits demanats pel Servei p\u00fablic d&#8217;Ocupaci\u00f3 Estatal (SEPE) requerits per les teleformacions subvencionades per l&#8217;estat. Aix\u00ed, la formaci\u00f3 del teu equip per aprendre a utilitzar el nostre programari i mesures de seguretat implantades no [&hellip;]<\/p>\n","protected":false},"author":1,"featured_media":0,"parent":0,"menu_order":0,"comment_status":"closed","ping_status":"closed","template":"","meta":{"_et_pb_use_builder":"on","_et_pb_old_content":"","_et_gb_content_width":"","footnotes":""},"class_list":["post-6984","page","type-page","status-publish","hentry"],"yoast_head":"<!-- This site is optimized with the Yoast SEO plugin v27.1.1 - https:\/\/yoast.com\/product\/yoast-seo-wordpress\/ -->\n<title>Cursos de formaci\u00f3 de Servei p\u00fablic d&#039;Ocupaci\u00f3 Estatal (SEPE) - Edorteam<\/title>\n<meta name=\"description\" content=\"Cursos de formaci\u00f3 de Servei p\u00fablic d&#039;Ocupaci\u00f3 Estatal (SEPE)\" \/>\n<meta name=\"robots\" content=\"index, follow, max-snippet:-1, max-image-preview:large, max-video-preview:-1\" \/>\n<link rel=\"canonical\" href=\"https:\/\/edorteam.com\/ca\/cursos-de-formacio-de-servei-public-docupacio-estatal-sepe\/\" \/>\n<meta property=\"og:locale\" content=\"ca_ES\" \/>\n<meta property=\"og:type\" content=\"article\" \/>\n<meta property=\"og:title\" content=\"Cursos de formaci\u00f3 de Servei p\u00fablic d&#039;Ocupaci\u00f3 Estatal (SEPE) - Edorteam\" \/>\n<meta property=\"og:description\" content=\"Cursos de formaci\u00f3 de Servei p\u00fablic d&#039;Ocupaci\u00f3 Estatal (SEPE)\" \/>\n<meta property=\"og:url\" content=\"https:\/\/edorteam.com\/ca\/cursos-de-formacio-de-servei-public-docupacio-estatal-sepe\/\" \/>\n<meta property=\"og:site_name\" content=\"Edorteam\" \/>\n<meta property=\"article:publisher\" content=\"https:\/\/www.facebook.com\/edorteam\/\" \/>\n<meta property=\"article:modified_time\" content=\"2021-08-09T09:11:53+00:00\" \/>\n<meta property=\"og:image\" content=\"https:\/\/edorteam.com\/wp-content\/uploads\/cumplimiento-legal-empresas-abogado.jpg\" \/>\n\t<meta property=\"og:image:width\" content=\"1000\" \/>\n\t<meta property=\"og:image:height\" content=\"598\" \/>\n\t<meta property=\"og:image:type\" content=\"image\/jpeg\" \/>\n<meta name=\"twitter:card\" content=\"summary_large_image\" \/>\n<meta name=\"twitter:site\" content=\"@edorteam\" \/>\n<meta name=\"twitter:label1\" content=\"Temps estimat de lectura\" \/>\n\t<meta name=\"twitter:data1\" content=\"6 minuts\" \/>\n<script type=\"application\/ld+json\" class=\"yoast-schema-graph\">{\"@context\":\"https:\/\/schema.org\",\"@graph\":[{\"@type\":\"WebPage\",\"@id\":\"https:\/\/edorteam.com\/ca\/cursos-de-formacio-de-servei-public-docupacio-estatal-sepe\/\",\"url\":\"https:\/\/edorteam.com\/ca\/cursos-de-formacio-de-servei-public-docupacio-estatal-sepe\/\",\"name\":\"Cursos de formaci\u00f3 de Servei p\u00fablic d'Ocupaci\u00f3 Estatal (SEPE) - Edorteam\",\"isPartOf\":{\"@id\":\"https:\/\/edorteam.com\/ca\/#website\"},\"datePublished\":\"2021-01-04T14:31:32+00:00\",\"dateModified\":\"2021-08-09T09:11:53+00:00\",\"description\":\"Cursos de formaci\u00f3 de Servei p\u00fablic d'Ocupaci\u00f3 Estatal (SEPE)\",\"breadcrumb\":{\"@id\":\"https:\/\/edorteam.com\/ca\/cursos-de-formacio-de-servei-public-docupacio-estatal-sepe\/#breadcrumb\"},\"inLanguage\":\"ca\",\"potentialAction\":[{\"@type\":\"ReadAction\",\"target\":[\"https:\/\/edorteam.com\/ca\/cursos-de-formacio-de-servei-public-docupacio-estatal-sepe\/\"]}]},{\"@type\":\"BreadcrumbList\",\"@id\":\"https:\/\/edorteam.com\/ca\/cursos-de-formacio-de-servei-public-docupacio-estatal-sepe\/#breadcrumb\",\"itemListElement\":[{\"@type\":\"ListItem\",\"position\":1,\"name\":\"Portada\",\"item\":\"https:\/\/edorteam.com\/ca\/\"},{\"@type\":\"ListItem\",\"position\":2,\"name\":\"Cursos de formaci\u00f3 de Servei p\u00fablic d&#8217;Ocupaci\u00f3 Estatal (SEPE)\"}]},{\"@type\":\"WebSite\",\"@id\":\"https:\/\/edorteam.com\/ca\/#website\",\"url\":\"https:\/\/edorteam.com\/ca\/\",\"name\":\"Consultor\u00eda Compliance y protecci\u00f3n de datos\",\"description\":\"Empresa de Ciberseguridad y Protecci\u00f3n de Datos\",\"publisher\":{\"@id\":\"https:\/\/edorteam.com\/ca\/#organization\"},\"alternateName\":\"Edorteam\",\"potentialAction\":[{\"@type\":\"SearchAction\",\"target\":{\"@type\":\"EntryPoint\",\"urlTemplate\":\"https:\/\/edorteam.com\/ca\/?s={search_term_string}\"},\"query-input\":{\"@type\":\"PropertyValueSpecification\",\"valueRequired\":true,\"valueName\":\"search_term_string\"}}],\"inLanguage\":\"ca\"},{\"@type\":\"Organization\",\"@id\":\"https:\/\/edorteam.com\/ca\/#organization\",\"name\":\"Edorteam | Empresa de ciberseguretat i protecci\u00f3 de dades\",\"alternateName\":\"Edorteam\",\"url\":\"https:\/\/edorteam.com\/ca\/\",\"logo\":{\"@type\":\"ImageObject\",\"inLanguage\":\"ca\",\"@id\":\"https:\/\/edorteam.com\/ca\/#\/schema\/logo\/image\/\",\"url\":\"https:\/\/edorteam.com\/wp-content\/uploads\/cropped-favicon.png\",\"contentUrl\":\"https:\/\/edorteam.com\/wp-content\/uploads\/cropped-favicon.png\",\"width\":512,\"height\":512,\"caption\":\"Edorteam | Empresa de ciberseguretat i protecci\u00f3 de dades\"},\"image\":{\"@id\":\"https:\/\/edorteam.com\/ca\/#\/schema\/logo\/image\/\"},\"sameAs\":[\"https:\/\/www.facebook.com\/edorteam\/\",\"https:\/\/x.com\/edorteam\",\"https:\/\/www.linkedin.com\/company\/edorteam\/\",\"https:\/\/www.instagram.com\/edorteam\/\"]}]}<\/script>\n<!-- \/ Yoast SEO plugin. -->","yoast_head_json":{"title":"Cursos de formaci\u00f3 de Servei p\u00fablic d'Ocupaci\u00f3 Estatal (SEPE) - Edorteam","description":"Cursos de formaci\u00f3 de Servei p\u00fablic d'Ocupaci\u00f3 Estatal (SEPE)","robots":{"index":"index","follow":"follow","max-snippet":"max-snippet:-1","max-image-preview":"max-image-preview:large","max-video-preview":"max-video-preview:-1"},"canonical":"https:\/\/edorteam.com\/ca\/cursos-de-formacio-de-servei-public-docupacio-estatal-sepe\/","og_locale":"ca_ES","og_type":"article","og_title":"Cursos de formaci\u00f3 de Servei p\u00fablic d'Ocupaci\u00f3 Estatal (SEPE) - Edorteam","og_description":"Cursos de formaci\u00f3 de Servei p\u00fablic d'Ocupaci\u00f3 Estatal (SEPE)","og_url":"https:\/\/edorteam.com\/ca\/cursos-de-formacio-de-servei-public-docupacio-estatal-sepe\/","og_site_name":"Edorteam","article_publisher":"https:\/\/www.facebook.com\/edorteam\/","article_modified_time":"2021-08-09T09:11:53+00:00","og_image":[{"width":1000,"height":598,"url":"https:\/\/edorteam.com\/wp-content\/uploads\/cumplimiento-legal-empresas-abogado.jpg","type":"image\/jpeg"}],"twitter_card":"summary_large_image","twitter_site":"@edorteam","twitter_misc":{"Temps estimat de lectura":"6 minuts"},"schema":{"@context":"https:\/\/schema.org","@graph":[{"@type":"WebPage","@id":"https:\/\/edorteam.com\/ca\/cursos-de-formacio-de-servei-public-docupacio-estatal-sepe\/","url":"https:\/\/edorteam.com\/ca\/cursos-de-formacio-de-servei-public-docupacio-estatal-sepe\/","name":"Cursos de formaci\u00f3 de Servei p\u00fablic d'Ocupaci\u00f3 Estatal (SEPE) - Edorteam","isPartOf":{"@id":"https:\/\/edorteam.com\/ca\/#website"},"datePublished":"2021-01-04T14:31:32+00:00","dateModified":"2021-08-09T09:11:53+00:00","description":"Cursos de formaci\u00f3 de Servei p\u00fablic d'Ocupaci\u00f3 Estatal (SEPE)","breadcrumb":{"@id":"https:\/\/edorteam.com\/ca\/cursos-de-formacio-de-servei-public-docupacio-estatal-sepe\/#breadcrumb"},"inLanguage":"ca","potentialAction":[{"@type":"ReadAction","target":["https:\/\/edorteam.com\/ca\/cursos-de-formacio-de-servei-public-docupacio-estatal-sepe\/"]}]},{"@type":"BreadcrumbList","@id":"https:\/\/edorteam.com\/ca\/cursos-de-formacio-de-servei-public-docupacio-estatal-sepe\/#breadcrumb","itemListElement":[{"@type":"ListItem","position":1,"name":"Portada","item":"https:\/\/edorteam.com\/ca\/"},{"@type":"ListItem","position":2,"name":"Cursos de formaci\u00f3 de Servei p\u00fablic d&#8217;Ocupaci\u00f3 Estatal (SEPE)"}]},{"@type":"WebSite","@id":"https:\/\/edorteam.com\/ca\/#website","url":"https:\/\/edorteam.com\/ca\/","name":"Consultor\u00eda Compliance y protecci\u00f3n de datos","description":"Empresa de Ciberseguridad y Protecci\u00f3n de Datos","publisher":{"@id":"https:\/\/edorteam.com\/ca\/#organization"},"alternateName":"Edorteam","potentialAction":[{"@type":"SearchAction","target":{"@type":"EntryPoint","urlTemplate":"https:\/\/edorteam.com\/ca\/?s={search_term_string}"},"query-input":{"@type":"PropertyValueSpecification","valueRequired":true,"valueName":"search_term_string"}}],"inLanguage":"ca"},{"@type":"Organization","@id":"https:\/\/edorteam.com\/ca\/#organization","name":"Edorteam | Empresa de ciberseguretat i protecci\u00f3 de dades","alternateName":"Edorteam","url":"https:\/\/edorteam.com\/ca\/","logo":{"@type":"ImageObject","inLanguage":"ca","@id":"https:\/\/edorteam.com\/ca\/#\/schema\/logo\/image\/","url":"https:\/\/edorteam.com\/wp-content\/uploads\/cropped-favicon.png","contentUrl":"https:\/\/edorteam.com\/wp-content\/uploads\/cropped-favicon.png","width":512,"height":512,"caption":"Edorteam | Empresa de ciberseguretat i protecci\u00f3 de dades"},"image":{"@id":"https:\/\/edorteam.com\/ca\/#\/schema\/logo\/image\/"},"sameAs":["https:\/\/www.facebook.com\/edorteam\/","https:\/\/x.com\/edorteam","https:\/\/www.linkedin.com\/company\/edorteam\/","https:\/\/www.instagram.com\/edorteam\/"]}]}},"_links":{"self":[{"href":"https:\/\/edorteam.com\/ca\/wp-json\/wp\/v2\/pages\/6984","targetHints":{"allow":["GET"]}}],"collection":[{"href":"https:\/\/edorteam.com\/ca\/wp-json\/wp\/v2\/pages"}],"about":[{"href":"https:\/\/edorteam.com\/ca\/wp-json\/wp\/v2\/types\/page"}],"author":[{"embeddable":true,"href":"https:\/\/edorteam.com\/ca\/wp-json\/wp\/v2\/users\/1"}],"replies":[{"embeddable":true,"href":"https:\/\/edorteam.com\/ca\/wp-json\/wp\/v2\/comments?post=6984"}],"version-history":[{"count":0,"href":"https:\/\/edorteam.com\/ca\/wp-json\/wp\/v2\/pages\/6984\/revisions"}],"wp:attachment":[{"href":"https:\/\/edorteam.com\/ca\/wp-json\/wp\/v2\/media?parent=6984"}],"curies":[{"name":"wp","href":"https:\/\/api.w.org\/{rel}","templated":true}]}}