{"id":6960,"date":"2020-12-15T13:39:46","date_gmt":"2020-12-15T12:39:46","guid":{"rendered":"https:\/\/edorteam.com\/igest-software-de-gestio-empresarial\/"},"modified":"2021-08-09T10:13:58","modified_gmt":"2021-08-09T08:13:58","slug":"igest-software-de-gestio-empresarial","status":"publish","type":"page","link":"https:\/\/edorteam.com\/ca\/igest-software-de-gestio-empresarial\/","title":{"rendered":"iGest &#8211; Software de gesti\u00f3 empresarial"},"content":{"rendered":"<p>[et_pb_section fb_built=&#8221;1&#8243; _builder_version=&#8221;4.7.7&#8243; _module_preset=&#8221;default&#8221; use_background_color_gradient=&#8221;on&#8221; background_color_gradient_start=&#8221;rgba(190,198,206,0.2)&#8221; background_color_gradient_end=&#8221;#bec6ce&#8221; background_color_gradient_direction=&#8221;90deg&#8221; background_color_gradient_start_position=&#8221;20%&#8221; custom_padding=&#8221;120px||||false|false&#8221; hover_enabled=&#8221;0&#8243; background_enable_color=&#8221;off&#8221; sticky_enabled=&#8221;0&#8243;][et_pb_row column_structure=&#8221;3_5,2_5&#8243; _builder_version=&#8221;4.6.6&#8243; _module_preset=&#8221;default&#8221; custom_padding=&#8221;0px||||false|false&#8221;][et_pb_column type=&#8221;3_5&#8243; _builder_version=&#8221;4.6.6&#8243; _module_preset=&#8221;default&#8221;][et_pb_image src=&#8221;https:\/\/edorteam.com\/wp-content\/uploads\/igest-positivo.png&#8221; title_text=&#8221;iGest &#8211; positiu&#8221; _builder_version=&#8221;4.6.6&#8243; _module_preset=&#8221;default&#8221; width=&#8221;35%&#8221; width_tablet=&#8221;&#8221; width_phone=&#8221;60%&#8221; width_last_edited=&#8221;on|phone&#8221; custom_margin=&#8221;||2vh||false|false&#8221;][\/et_pb_image][et_pb_text _builder_version=&#8221;4.6.6&#8243; _module_preset=&#8221;default&#8221; header_2_text_color=&#8221;#0073ce&#8221; header_2_font_size=&#8221;2.4em&#8221;]<\/p>\n<h2>Centralitza la gesti\u00f3 de la teva empresa<\/h2>\n<h3>Programari de gesti\u00f3 global de l&#8217;activitat empresarial<\/h3>\n<p>Emmagatzema les dades de tots els teus clients i prove\u00efdors i centralitza la gesti\u00f3 d&#8217;empresa: <strong>comandes, albarans, pressupostos, factures, incid\u00e8ncies<\/strong>&#8230; i molt m\u00e9s.<\/p>\n<p>[\/et_pb_text][et_pb_button button_url=&#8221;#contacto&#8221; button_text=&#8221;Demana una demostraci\u00f3&#8221; module_class=&#8221;botofloat&#8221; _builder_version=&#8221;4.6.6&#8243; _module_preset=&#8221;default&#8221; custom_button=&#8221;on&#8221; button_text_color=&#8221;#0073ce&#8221; button_bg_color=&#8221;#ffffff&#8221; button_icon_color=&#8221;#0073ce&#8221; button_on_hover=&#8221;off&#8221; background_layout=&#8221;dark&#8221;][\/et_pb_button][\/et_pb_column][et_pb_column type=&#8221;2_5&#8243; _builder_version=&#8221;4.6.6&#8243; _module_preset=&#8221;default&#8221;][et_pb_image src=&#8221;https:\/\/edorteam.com\/wp-content\/uploads\/software-gestion-actividad-empresarial-facturacion.png&#8221; alt=&#8221;@ET-DC@eyJkeW5hbWljIjp0cnVlLCJjb250ZW50IjoicG9zdF90aXRsZSIsInNldHRpbmdzIjp7ImJlZm9yZSI6IiIsImFmdGVyIjoiIn19@&#8221; title_text=&#8221;programari-gestio-activitat-empresarial-facturaci\u00f3&#8221; disabled_on=&#8221;off|off|off&#8221; _builder_version=&#8221;4.7.7&#8243; _dynamic_attributes=&#8221;alt&#8221; _module_preset=&#8221;default&#8221; transform_scale=&#8221;140%|140%&#8221; transform_scale_tablet=&#8221;110%|110%&#8221; transform_scale_phone=&#8221;&#8221; transform_scale_last_edited=&#8221;on|tablet&#8221; transform_translate=&#8221;0px|20px&#8221; transform_translate_tablet=&#8221;0px|0px&#8221; transform_translate_phone=&#8221;&#8221; transform_translate_last_edited=&#8221;on|phone&#8221; transform_translate_linked=&#8221;off&#8221; transform_translate_linked_tablet=&#8221;off&#8221; transform_rotate_tablet=&#8221;&#8221; transform_rotate_phone=&#8221;&#8221; transform_rotate_last_edited=&#8221;on|tablet&#8221; transform_skew_tablet=&#8221;&#8221; transform_skew_phone=&#8221;&#8221; transform_skew_last_edited=&#8221;on|tablet&#8221; transform_origin_tablet=&#8221;&#8221; transform_origin_phone=&#8221;&#8221; transform_origin_last_edited=&#8221;on|tablet&#8221; transform_styles_last_edited=&#8221;on|phone&#8221; custom_margin_tablet=&#8221;-5vh||||false|false&#8221; custom_margin_last_edited=&#8221;off|desktop&#8221; animation_style=&#8221;slide&#8221; animation_direction=&#8221;bottom&#8221; transform_styles_tablet=&#8221;&#8221; transform_styles_phone=&#8221;&#8221;][\/et_pb_image][\/et_pb_column][\/et_pb_row][\/et_pb_section][et_pb_section fb_built=&#8221;1&#8243; _builder_version=&#8221;4.6.6&#8243; background_color=&#8221;#ffffff&#8221; bottom_divider_height=&#8221;50px&#8221; bottom_divider_flip=&#8221;vertical&#8221;][et_pb_row _builder_version=&#8221;3.25&#8243; animation_style=&#8221;fade&#8221; locked=&#8221;off&#8221;][et_pb_column type=&#8221;4_4&#8243; _builder_version=&#8221;3.25&#8243; custom_padding=&#8221;|||&#8221; custom_padding__hover=&#8221;|||&#8221;][et_pb_text _builder_version=&#8221;4.6.6&#8243; text_orientation=&#8221;center&#8221; custom_margin=&#8221;||0px||false|false&#8221;]<\/p>\n<h2>Descobreix tot all\u00f2 que pots fer<\/h2>\n<p>[\/et_pb_text][\/et_pb_column][\/et_pb_row][et_pb_row column_structure=&#8221;1_5,1_5,1_5,1_5,1_5&#8243; use_custom_gutter=&#8221;on&#8221; gutter_width=&#8221;1&#8243; _builder_version=&#8221;4.6.6&#8243; _module_preset=&#8221;default&#8221; background_color=&#8221;rgba(190,198,206,0.2)&#8221; custom_margin=&#8221;||4vh||false|false&#8221; custom_padding=&#8221;0px|4vh||4vh|false|true&#8221; border_width_top=&#8221;8px&#8221; border_color_top=&#8221;#0073ce&#8221;][et_pb_column type=&#8221;1_5&#8243; _builder_version=&#8221;4.6.6&#8243; _module_preset=&#8221;default&#8221;][et_pb_button button_url=&#8221;#contacto&#8221; button_text=&#8221;Gesti\u00f3&#8221; module_class=&#8221;botofloat&#8221; _builder_version=&#8221;4.6.6&#8243; _module_preset=&#8221;default&#8221; custom_button=&#8221;on&#8221; button_text_size=&#8221;1.4em&#8221; button_use_icon=&#8221;off&#8221; background_layout=&#8221;dark&#8221;][\/et_pb_button][\/et_pb_column][et_pb_column type=&#8221;1_5&#8243; _builder_version=&#8221;4.6.6&#8243; _module_preset=&#8221;default&#8221; custom_padding=&#8221;2vh||||false|false&#8221;][et_pb_blurb title=&#8221;Dades dels teus prove\u00efdors i clients centralitzats&#8221; use_icon=&#8221;on&#8221; font_icon=&#8221;%%45%%&#8221; use_icon_font_size=&#8221;on&#8221; icon_font_size=&#8221;3em&#8221; _builder_version=&#8221;4.6.6&#8243; _module_preset=&#8221;default&#8221; header_text_color=&#8221;#0073ce&#8221; body_ul_type=&#8221;square&#8221; text_orientation=&#8221;center&#8221;][\/et_pb_blurb][\/et_pb_column][et_pb_column type=&#8221;1_5&#8243; _builder_version=&#8221;4.6.6&#8243; _module_preset=&#8221;default&#8221; custom_padding=&#8221;2vh||||false|false&#8221;][et_pb_blurb title=&#8221;Inventari integrat amb lector de codi de barres&#8221; use_icon=&#8221;on&#8221; font_icon=&#8221;%%45%%&#8221; use_icon_font_size=&#8221;on&#8221; icon_font_size=&#8221;3em&#8221; _builder_version=&#8221;4.6.6&#8243; _module_preset=&#8221;default&#8221; header_text_color=&#8221;#0073ce&#8221; body_ul_type=&#8221;square&#8221; text_orientation=&#8221;center&#8221;][\/et_pb_blurb][\/et_pb_column][et_pb_column type=&#8221;1_5&#8243; _builder_version=&#8221;4.6.6&#8243; _module_preset=&#8221;default&#8221; custom_padding=&#8221;2vh||||false|false&#8221;][et_pb_blurb title=&#8221;Gesti\u00f3 autom\u00e0tica d&#8217;estocs&#8221; use_icon=&#8221;on&#8221; font_icon=&#8221;%%45%%&#8221; use_icon_font_size=&#8221;on&#8221; icon_font_size=&#8221;3em&#8221; _builder_version=&#8221;4.6.6&#8243; _module_preset=&#8221;default&#8221; header_text_color=&#8221;#0073ce&#8221; body_ul_type=&#8221;square&#8221; text_orientation=&#8221;center&#8221;][\/et_pb_blurb][\/et_pb_column][et_pb_column type=&#8221;1_5&#8243; _builder_version=&#8221;4.6.6&#8243; _module_preset=&#8221;default&#8221; custom_padding=&#8221;2vh||||false|false&#8221;][et_pb_blurb title=&#8221;Gesti\u00f3 de comandes i pujada autom\u00e0tica a compres&#8221; use_icon=&#8221;on&#8221; font_icon=&#8221;%%45%%&#8221; use_icon_font_size=&#8221;on&#8221; icon_font_size=&#8221;3em&#8221; _builder_version=&#8221;4.6.6&#8243; _module_preset=&#8221;default&#8221; header_text_color=&#8221;#0073ce&#8221; body_ul_type=&#8221;square&#8221; text_orientation=&#8221;center&#8221;][\/et_pb_blurb][\/et_pb_column][\/et_pb_row][et_pb_row column_structure=&#8221;1_5,1_5,1_5,1_5,1_5&#8243; use_custom_gutter=&#8221;on&#8221; gutter_width=&#8221;1&#8243; _builder_version=&#8221;4.6.6&#8243; _module_preset=&#8221;default&#8221; background_color=&#8221;rgba(190,198,206,0.2)&#8221; custom_margin=&#8221;||4vh||false|false&#8221; custom_padding=&#8221;0px|4vh||4vh|false|true&#8221; border_width_top=&#8221;8px&#8221; border_color_top=&#8221;#0073ce&#8221;][et_pb_column type=&#8221;1_5&#8243; _builder_version=&#8221;4.6.6&#8243; _module_preset=&#8221;default&#8221;][et_pb_button button_url=&#8221;#contacto&#8221; button_text=&#8221;Comptabilitat&#8221; module_class=&#8221;botofloat&#8221; _builder_version=&#8221;4.6.6&#8243; _module_preset=&#8221;default&#8221; custom_button=&#8221;on&#8221; button_text_size=&#8221;1.4em&#8221; button_use_icon=&#8221;off&#8221; background_layout=&#8221;dark&#8221;][\/et_pb_button][\/et_pb_column][et_pb_column type=&#8221;1_5&#8243; _builder_version=&#8221;4.6.6&#8243; _module_preset=&#8221;default&#8221; custom_padding=&#8221;2vh||||false|false&#8221;][et_pb_blurb title=&#8221;Sistema per a l&#8217;elaboraci\u00f3 de pressupostos&#8221; use_icon=&#8221;on&#8221; font_icon=&#8221;%%45%%&#8221; use_icon_font_size=&#8221;on&#8221; icon_font_size=&#8221;3em&#8221; _builder_version=&#8221;4.6.6&#8243; _module_preset=&#8221;default&#8221; header_text_color=&#8221;#0073ce&#8221; body_ul_type=&#8221;square&#8221; text_orientation=&#8221;center&#8221;][\/et_pb_blurb][\/et_pb_column][et_pb_column type=&#8221;1_5&#8243; _builder_version=&#8221;4.6.6&#8243; _module_preset=&#8221;default&#8221; custom_padding=&#8221;2vh||||false|false&#8221;][et_pb_blurb title=&#8221;Generaci\u00f3 de factures a partir de pressupostos&#8221; use_icon=&#8221;on&#8221; font_icon=&#8221;%%45%%&#8221; use_icon_font_size=&#8221;on&#8221; icon_font_size=&#8221;3em&#8221; _builder_version=&#8221;4.6.6&#8243; _module_preset=&#8221;default&#8221; header_text_color=&#8221;#0073ce&#8221; body_ul_type=&#8221;square&#8221; text_orientation=&#8221;center&#8221;][\/et_pb_blurb][\/et_pb_column][et_pb_column type=&#8221;1_5&#8243; _builder_version=&#8221;4.6.6&#8243; _module_preset=&#8221;default&#8221; custom_padding=&#8221;2vh||||false|false&#8221;][et_pb_blurb title=&#8221;Facturaci\u00f3 peri\u00f2dica, directament o per proc\u00e9s d&#8217;albarans&#8221; use_icon=&#8221;on&#8221; font_icon=&#8221;%%45%%&#8221; use_icon_font_size=&#8221;on&#8221; icon_font_size=&#8221;3em&#8221; _builder_version=&#8221;4.6.6&#8243; _module_preset=&#8221;default&#8221; header_text_color=&#8221;#0073ce&#8221; body_ul_type=&#8221;square&#8221; text_orientation=&#8221;center&#8221;][\/et_pb_blurb][\/et_pb_column][et_pb_column type=&#8221;1_5&#8243; _builder_version=&#8221;4.6.6&#8243; _module_preset=&#8221;default&#8221; custom_padding=&#8221;2vh||||false|false&#8221;][et_pb_blurb title=&#8221;Control i informes de cobraments i pagaments realitzats&#8221; use_icon=&#8221;on&#8221; font_icon=&#8221;%%45%%&#8221; use_icon_font_size=&#8221;on&#8221; icon_font_size=&#8221;3em&#8221; _builder_version=&#8221;4.6.6&#8243; _module_preset=&#8221;default&#8221; header_text_color=&#8221;#0073ce&#8221; body_ul_type=&#8221;square&#8221; text_orientation=&#8221;center&#8221;][\/et_pb_blurb][\/et_pb_column][\/et_pb_row][et_pb_row column_structure=&#8221;1_5,1_5,1_5,1_5,1_5&#8243; use_custom_gutter=&#8221;on&#8221; gutter_width=&#8221;1&#8243; _builder_version=&#8221;4.6.6&#8243; _module_preset=&#8221;default&#8221; background_color=&#8221;rgba(190,198,206,0.2)&#8221; custom_margin=&#8221;||4vh||false|false&#8221; custom_padding=&#8221;0px|4vh||4vh|false|true&#8221; border_width_top=&#8221;8px&#8221; border_color_top=&#8221;#0073ce&#8221;][et_pb_column type=&#8221;1_5&#8243; _builder_version=&#8221;4.6.6&#8243; _module_preset=&#8221;default&#8221;][et_pb_button button_url=&#8221;#contacto&#8221; button_text=&#8221;processos&#8221; module_class=&#8221;botofloat&#8221; _builder_version=&#8221;4.6.6&#8243; _module_preset=&#8221;default&#8221; custom_button=&#8221;on&#8221; button_text_size=&#8221;1.4em&#8221; button_use_icon=&#8221;off&#8221; background_layout=&#8221;dark&#8221;][\/et_pb_button][\/et_pb_column][et_pb_column type=&#8221;1_5&#8243; _builder_version=&#8221;4.6.6&#8243; _module_preset=&#8221;default&#8221; custom_padding=&#8221;2vh||||false|false&#8221;][et_pb_blurb title=&#8221;Identificaci\u00f3 d&#8217;empleats i tasques realitzades&#8221; use_icon=&#8221;on&#8221; font_icon=&#8221;%%45%%&#8221; use_icon_font_size=&#8221;on&#8221; icon_font_size=&#8221;3em&#8221; _builder_version=&#8221;4.6.6&#8243; _module_preset=&#8221;default&#8221; header_text_color=&#8221;#0073ce&#8221; body_ul_type=&#8221;square&#8221; text_orientation=&#8221;center&#8221;][\/et_pb_blurb][\/et_pb_column][et_pb_column type=&#8221;1_5&#8243; _builder_version=&#8221;4.6.6&#8243; _module_preset=&#8221;default&#8221; custom_padding=&#8221;2vh||||false|false&#8221;][et_pb_blurb title=&#8221;Informes serveis prestats i temps invertit&#8221; use_icon=&#8221;on&#8221; font_icon=&#8221;%%45%%&#8221; use_icon_font_size=&#8221;on&#8221; icon_font_size=&#8221;3em&#8221; _builder_version=&#8221;4.6.6&#8243; _module_preset=&#8221;default&#8221; header_text_color=&#8221;#0073ce&#8221; body_ul_type=&#8221;square&#8221; text_orientation=&#8221;center&#8221;][\/et_pb_blurb][\/et_pb_column][et_pb_column type=&#8221;1_5&#8243; _builder_version=&#8221;4.6.6&#8243; _module_preset=&#8221;default&#8221; custom_padding=&#8221;2vh||||false|false&#8221;][et_pb_blurb title=&#8221;Seguiment de tasques, processos i incid\u00e8ncies&#8221; use_icon=&#8221;on&#8221; font_icon=&#8221;%%45%%&#8221; use_icon_font_size=&#8221;on&#8221; icon_font_size=&#8221;3em&#8221; _builder_version=&#8221;4.6.6&#8243; _module_preset=&#8221;default&#8221; header_text_color=&#8221;#0073ce&#8221; body_ul_type=&#8221;square&#8221; text_orientation=&#8221;center&#8221;][\/et_pb_blurb][\/et_pb_column][et_pb_column type=&#8221;1_5&#8243; _builder_version=&#8221;4.6.6&#8243; _module_preset=&#8221;default&#8221; custom_padding=&#8221;2vh||||false|false&#8221;][et_pb_blurb title=&#8221;Generaci\u00f3 de factures a partir de tasques&#8221; use_icon=&#8221;on&#8221; font_icon=&#8221;%%45%%&#8221; use_icon_font_size=&#8221;on&#8221; icon_font_size=&#8221;3em&#8221; _builder_version=&#8221;4.6.6&#8243; _module_preset=&#8221;default&#8221; header_text_color=&#8221;#0073ce&#8221; body_ul_type=&#8221;square&#8221; text_orientation=&#8221;center&#8221;][\/et_pb_blurb][\/et_pb_column][\/et_pb_row][et_pb_row column_structure=&#8221;1_5,1_5,1_5,1_5,1_5&#8243; use_custom_gutter=&#8221;on&#8221; gutter_width=&#8221;1&#8243; _builder_version=&#8221;4.6.6&#8243; _module_preset=&#8221;default&#8221; background_color=&#8221;rgba(190,198,206,0.2)&#8221; custom_margin=&#8221;||4vh||false|false&#8221; custom_padding=&#8221;0px|4vh||4vh|false|true&#8221; border_width_top=&#8221;8px&#8221; border_color_top=&#8221;#0073ce&#8221;][et_pb_column type=&#8221;1_5&#8243; _builder_version=&#8221;4.6.6&#8243; _module_preset=&#8221;default&#8221;][et_pb_button button_url=&#8221;#contacto&#8221; button_text=&#8221;Versatilitat&#8221; module_class=&#8221;botofloat&#8221; _builder_version=&#8221;4.6.6&#8243; _module_preset=&#8221;default&#8221; custom_button=&#8221;on&#8221; button_text_size=&#8221;1.4em&#8221; button_use_icon=&#8221;off&#8221; background_layout=&#8221;dark&#8221;][\/et_pb_button][\/et_pb_column][et_pb_column type=&#8221;1_5&#8243; _builder_version=&#8221;4.6.6&#8243; _module_preset=&#8221;default&#8221; custom_padding=&#8221;2vh||||false|false&#8221;][et_pb_blurb title=&#8221;Cerca intel\u00b7ligent per NIF, tel\u00e8fon, adre\u00e7a electr\u00f2nica&#8230;&#8221; use_icon=&#8221;on&#8221; font_icon=&#8221;%%45%%&#8221; use_icon_font_size=&#8221;on&#8221; icon_font_size=&#8221;3em&#8221; _builder_version=&#8221;4.6.6&#8243; _module_preset=&#8221;default&#8221; header_text_color=&#8221;#0073ce&#8221; body_ul_type=&#8221;square&#8221; text_orientation=&#8221;center&#8221;][\/et_pb_blurb][\/et_pb_column][et_pb_column type=&#8221;1_5&#8243; _builder_version=&#8221;4.6.6&#8243; _module_preset=&#8221;default&#8221; custom_padding=&#8221;2vh||||false|false&#8221;][et_pb_blurb title=&#8221;Exportaci\u00f3 de dades a fulls de c\u00e0lcul i altres&#8221; use_icon=&#8221;on&#8221; font_icon=&#8221;%%45%%&#8221; use_icon_font_size=&#8221;on&#8221; icon_font_size=&#8221;3em&#8221; _builder_version=&#8221;4.6.6&#8243; _module_preset=&#8221;default&#8221; header_text_color=&#8221;#0073ce&#8221; body_ul_type=&#8221;square&#8221; text_orientation=&#8221;center&#8221;][\/et_pb_blurb][\/et_pb_column][et_pb_column type=&#8221;1_5&#8243; _builder_version=&#8221;4.6.6&#8243; _module_preset=&#8221;default&#8221; custom_padding=&#8221;2vh||||false|false&#8221;][et_pb_blurb title=&#8221;Per a tot tipus d&#8217;empreses i petit comer\u00e7&#8221; use_icon=&#8221;on&#8221; font_icon=&#8221;%%45%%&#8221; use_icon_font_size=&#8221;on&#8221; icon_font_size=&#8221;3em&#8221; _builder_version=&#8221;4.6.6&#8243; _module_preset=&#8221;default&#8221; header_text_color=&#8221;#0073ce&#8221; body_ul_type=&#8221;square&#8221; text_orientation=&#8221;center&#8221;][\/et_pb_blurb][\/et_pb_column][et_pb_column type=&#8221;1_5&#8243; _builder_version=&#8221;4.6.6&#8243; _module_preset=&#8221;default&#8221; custom_padding=&#8221;2vh||||false|false&#8221;][et_pb_blurb title=&#8221;Personalitzem el programari a mida de la teva empresa&#8221; use_icon=&#8221;on&#8221; font_icon=&#8221;%%45%%&#8221; use_icon_font_size=&#8221;on&#8221; icon_font_size=&#8221;3em&#8221; _builder_version=&#8221;4.6.6&#8243; _module_preset=&#8221;default&#8221; header_text_color=&#8221;#0073ce&#8221; body_ul_type=&#8221;square&#8221; text_orientation=&#8221;center&#8221;][\/et_pb_blurb][\/et_pb_column][\/et_pb_row][\/et_pb_section]<\/p>\n","protected":false},"excerpt":{"rendered":"<p>Centralitza la gesti\u00f3 de la teva empresa Programari de gesti\u00f3 global de l&#8217;activitat empresarial Emmagatzema les dades de tots els teus clients i prove\u00efdors i centralitza la gesti\u00f3 d&#8217;empresa: comandes, albarans, pressupostos, factures, incid\u00e8ncies&#8230; i molt m\u00e9s.Descobreix tot all\u00f2 que pots fer<\/p>\n","protected":false},"author":1,"featured_media":0,"parent":0,"menu_order":0,"comment_status":"closed","ping_status":"closed","template":"","meta":{"_et_pb_use_builder":"on","_et_pb_old_content":"","_et_gb_content_width":"","footnotes":""},"class_list":["post-6960","page","type-page","status-publish","hentry"],"yoast_head":"<!-- This site is optimized with the Yoast SEO plugin v27.1.1 - https:\/\/yoast.com\/product\/yoast-seo-wordpress\/ -->\n<title>iGest - Software de gesti\u00f3 empresarial - Edorteam<\/title>\n<meta name=\"description\" content=\"iGest - Software de gesti\u00f3 empresarial\" \/>\n<meta name=\"robots\" content=\"index, follow, max-snippet:-1, max-image-preview:large, max-video-preview:-1\" \/>\n<link rel=\"canonical\" href=\"https:\/\/edorteam.com\/ca\/igest-software-de-gestio-empresarial\/\" \/>\n<meta property=\"og:locale\" content=\"ca_ES\" \/>\n<meta property=\"og:type\" content=\"article\" \/>\n<meta property=\"og:title\" content=\"iGest - Software de gesti\u00f3 empresarial - Edorteam\" \/>\n<meta property=\"og:description\" content=\"iGest - Software de gesti\u00f3 empresarial\" \/>\n<meta property=\"og:url\" content=\"https:\/\/edorteam.com\/ca\/igest-software-de-gestio-empresarial\/\" \/>\n<meta property=\"og:site_name\" content=\"Edorteam\" \/>\n<meta property=\"article:publisher\" content=\"https:\/\/www.facebook.com\/edorteam\/\" \/>\n<meta property=\"article:modified_time\" content=\"2021-08-09T08:13:58+00:00\" \/>\n<meta property=\"og:image\" content=\"https:\/\/edorteam.com\/wp-content\/uploads\/cumplimiento-legal-empresas-abogado.jpg\" \/>\n\t<meta property=\"og:image:width\" content=\"1000\" \/>\n\t<meta property=\"og:image:height\" content=\"598\" \/>\n\t<meta property=\"og:image:type\" content=\"image\/jpeg\" \/>\n<meta name=\"twitter:card\" content=\"summary_large_image\" \/>\n<meta name=\"twitter:site\" content=\"@edorteam\" \/>\n<meta name=\"twitter:label1\" content=\"Temps estimat de lectura\" \/>\n\t<meta name=\"twitter:data1\" content=\"9 minuts\" \/>\n<script type=\"application\/ld+json\" class=\"yoast-schema-graph\">{\"@context\":\"https:\/\/schema.org\",\"@graph\":[{\"@type\":\"WebPage\",\"@id\":\"https:\/\/edorteam.com\/ca\/igest-software-de-gestio-empresarial\/\",\"url\":\"https:\/\/edorteam.com\/ca\/igest-software-de-gestio-empresarial\/\",\"name\":\"iGest - Software de gesti\u00f3 empresarial - Edorteam\",\"isPartOf\":{\"@id\":\"https:\/\/edorteam.com\/ca\/#website\"},\"datePublished\":\"2020-12-15T12:39:46+00:00\",\"dateModified\":\"2021-08-09T08:13:58+00:00\",\"description\":\"iGest - Software de gesti\u00f3 empresarial\",\"breadcrumb\":{\"@id\":\"https:\/\/edorteam.com\/ca\/igest-software-de-gestio-empresarial\/#breadcrumb\"},\"inLanguage\":\"ca\",\"potentialAction\":[{\"@type\":\"ReadAction\",\"target\":[\"https:\/\/edorteam.com\/ca\/igest-software-de-gestio-empresarial\/\"]}]},{\"@type\":\"BreadcrumbList\",\"@id\":\"https:\/\/edorteam.com\/ca\/igest-software-de-gestio-empresarial\/#breadcrumb\",\"itemListElement\":[{\"@type\":\"ListItem\",\"position\":1,\"name\":\"Portada\",\"item\":\"https:\/\/edorteam.com\/ca\/\"},{\"@type\":\"ListItem\",\"position\":2,\"name\":\"iGest &#8211; Software de gesti\u00f3 empresarial\"}]},{\"@type\":\"WebSite\",\"@id\":\"https:\/\/edorteam.com\/ca\/#website\",\"url\":\"https:\/\/edorteam.com\/ca\/\",\"name\":\"Consultor\u00eda Compliance y protecci\u00f3n de datos\",\"description\":\"Empresa de Ciberseguridad y Protecci\u00f3n de Datos\",\"publisher\":{\"@id\":\"https:\/\/edorteam.com\/ca\/#organization\"},\"alternateName\":\"Edorteam\",\"potentialAction\":[{\"@type\":\"SearchAction\",\"target\":{\"@type\":\"EntryPoint\",\"urlTemplate\":\"https:\/\/edorteam.com\/ca\/?s={search_term_string}\"},\"query-input\":{\"@type\":\"PropertyValueSpecification\",\"valueRequired\":true,\"valueName\":\"search_term_string\"}}],\"inLanguage\":\"ca\"},{\"@type\":\"Organization\",\"@id\":\"https:\/\/edorteam.com\/ca\/#organization\",\"name\":\"Edorteam | Empresa de ciberseguretat i protecci\u00f3 de dades\",\"alternateName\":\"Edorteam\",\"url\":\"https:\/\/edorteam.com\/ca\/\",\"logo\":{\"@type\":\"ImageObject\",\"inLanguage\":\"ca\",\"@id\":\"https:\/\/edorteam.com\/ca\/#\/schema\/logo\/image\/\",\"url\":\"https:\/\/edorteam.com\/wp-content\/uploads\/cropped-favicon.png\",\"contentUrl\":\"https:\/\/edorteam.com\/wp-content\/uploads\/cropped-favicon.png\",\"width\":512,\"height\":512,\"caption\":\"Edorteam | Empresa de ciberseguretat i protecci\u00f3 de dades\"},\"image\":{\"@id\":\"https:\/\/edorteam.com\/ca\/#\/schema\/logo\/image\/\"},\"sameAs\":[\"https:\/\/www.facebook.com\/edorteam\/\",\"https:\/\/x.com\/edorteam\",\"https:\/\/www.linkedin.com\/company\/edorteam\/\",\"https:\/\/www.instagram.com\/edorteam\/\"]}]}<\/script>\n<!-- \/ Yoast SEO plugin. -->","yoast_head_json":{"title":"iGest - Software de gesti\u00f3 empresarial - Edorteam","description":"iGest - Software de gesti\u00f3 empresarial","robots":{"index":"index","follow":"follow","max-snippet":"max-snippet:-1","max-image-preview":"max-image-preview:large","max-video-preview":"max-video-preview:-1"},"canonical":"https:\/\/edorteam.com\/ca\/igest-software-de-gestio-empresarial\/","og_locale":"ca_ES","og_type":"article","og_title":"iGest - Software de gesti\u00f3 empresarial - Edorteam","og_description":"iGest - Software de gesti\u00f3 empresarial","og_url":"https:\/\/edorteam.com\/ca\/igest-software-de-gestio-empresarial\/","og_site_name":"Edorteam","article_publisher":"https:\/\/www.facebook.com\/edorteam\/","article_modified_time":"2021-08-09T08:13:58+00:00","og_image":[{"width":1000,"height":598,"url":"https:\/\/edorteam.com\/wp-content\/uploads\/cumplimiento-legal-empresas-abogado.jpg","type":"image\/jpeg"}],"twitter_card":"summary_large_image","twitter_site":"@edorteam","twitter_misc":{"Temps estimat de lectura":"9 minuts"},"schema":{"@context":"https:\/\/schema.org","@graph":[{"@type":"WebPage","@id":"https:\/\/edorteam.com\/ca\/igest-software-de-gestio-empresarial\/","url":"https:\/\/edorteam.com\/ca\/igest-software-de-gestio-empresarial\/","name":"iGest - Software de gesti\u00f3 empresarial - Edorteam","isPartOf":{"@id":"https:\/\/edorteam.com\/ca\/#website"},"datePublished":"2020-12-15T12:39:46+00:00","dateModified":"2021-08-09T08:13:58+00:00","description":"iGest - Software de gesti\u00f3 empresarial","breadcrumb":{"@id":"https:\/\/edorteam.com\/ca\/igest-software-de-gestio-empresarial\/#breadcrumb"},"inLanguage":"ca","potentialAction":[{"@type":"ReadAction","target":["https:\/\/edorteam.com\/ca\/igest-software-de-gestio-empresarial\/"]}]},{"@type":"BreadcrumbList","@id":"https:\/\/edorteam.com\/ca\/igest-software-de-gestio-empresarial\/#breadcrumb","itemListElement":[{"@type":"ListItem","position":1,"name":"Portada","item":"https:\/\/edorteam.com\/ca\/"},{"@type":"ListItem","position":2,"name":"iGest &#8211; Software de gesti\u00f3 empresarial"}]},{"@type":"WebSite","@id":"https:\/\/edorteam.com\/ca\/#website","url":"https:\/\/edorteam.com\/ca\/","name":"Consultor\u00eda Compliance y protecci\u00f3n de datos","description":"Empresa de Ciberseguridad y Protecci\u00f3n de Datos","publisher":{"@id":"https:\/\/edorteam.com\/ca\/#organization"},"alternateName":"Edorteam","potentialAction":[{"@type":"SearchAction","target":{"@type":"EntryPoint","urlTemplate":"https:\/\/edorteam.com\/ca\/?s={search_term_string}"},"query-input":{"@type":"PropertyValueSpecification","valueRequired":true,"valueName":"search_term_string"}}],"inLanguage":"ca"},{"@type":"Organization","@id":"https:\/\/edorteam.com\/ca\/#organization","name":"Edorteam | Empresa de ciberseguretat i protecci\u00f3 de dades","alternateName":"Edorteam","url":"https:\/\/edorteam.com\/ca\/","logo":{"@type":"ImageObject","inLanguage":"ca","@id":"https:\/\/edorteam.com\/ca\/#\/schema\/logo\/image\/","url":"https:\/\/edorteam.com\/wp-content\/uploads\/cropped-favicon.png","contentUrl":"https:\/\/edorteam.com\/wp-content\/uploads\/cropped-favicon.png","width":512,"height":512,"caption":"Edorteam | Empresa de ciberseguretat i protecci\u00f3 de dades"},"image":{"@id":"https:\/\/edorteam.com\/ca\/#\/schema\/logo\/image\/"},"sameAs":["https:\/\/www.facebook.com\/edorteam\/","https:\/\/x.com\/edorteam","https:\/\/www.linkedin.com\/company\/edorteam\/","https:\/\/www.instagram.com\/edorteam\/"]}]}},"_links":{"self":[{"href":"https:\/\/edorteam.com\/ca\/wp-json\/wp\/v2\/pages\/6960","targetHints":{"allow":["GET"]}}],"collection":[{"href":"https:\/\/edorteam.com\/ca\/wp-json\/wp\/v2\/pages"}],"about":[{"href":"https:\/\/edorteam.com\/ca\/wp-json\/wp\/v2\/types\/page"}],"author":[{"embeddable":true,"href":"https:\/\/edorteam.com\/ca\/wp-json\/wp\/v2\/users\/1"}],"replies":[{"embeddable":true,"href":"https:\/\/edorteam.com\/ca\/wp-json\/wp\/v2\/comments?post=6960"}],"version-history":[{"count":0,"href":"https:\/\/edorteam.com\/ca\/wp-json\/wp\/v2\/pages\/6960\/revisions"}],"wp:attachment":[{"href":"https:\/\/edorteam.com\/ca\/wp-json\/wp\/v2\/media?parent=6960"}],"curies":[{"name":"wp","href":"https:\/\/api.w.org\/{rel}","templated":true}]}}