{"id":6874,"date":"2020-12-21T12:07:41","date_gmt":"2020-12-21T11:07:41","guid":{"rendered":"https:\/\/edorteam.com\/area-clients\/"},"modified":"2025-12-16T13:35:22","modified_gmt":"2025-12-16T12:35:22","slug":"area-clients","status":"publish","type":"page","link":"https:\/\/edorteam.com\/ca\/area-clients\/","title":{"rendered":"\u00c0rea clients"},"content":{"rendered":"<p>[et_pb_section fb_built=&#8221;1&#8243; custom_padding_last_edited=&#8221;off|desktop&#8221; _builder_version=&#8221;4.27.5&#8243; _module_preset=&#8221;default&#8221; background_color=&#8221;#ffffff&#8221; use_background_color_gradient=&#8221;on&#8221; background_color_gradient_direction=&#8221;280deg&#8221; background_color_gradient_stops=&#8221;rgba(255,255,255,0) 20%|#f8f8f8 80%&#8221; background_color_gradient_overlays_image=&#8221;on&#8221; background_color_gradient_start=&#8221;rgba(255,255,255,0)&#8221; background_color_gradient_start_position=&#8221;20%&#8221; background_color_gradient_end=&#8221;#e5e5e5&#8243; background_color_gradient_end_position=&#8221;80%&#8221; background_image=&#8221;https:\/\/edorteam.com\/wp-content\/uploads\/aplicacion-entorno-web-desarrollo-empresa.jpg&#8221; background_position=&#8221;bottom_left&#8221; custom_padding=&#8221;200px||||false|false&#8221; custom_padding_tablet=&#8221;100px||||false|false&#8221; animation_style=&#8221;slide&#8221; animation_direction=&#8221;top&#8221; background_last_edited=&#8221;on|phone&#8221; background_size_tablet=&#8221;cover&#8221; background_size_phone=&#8221;cover&#8221; background_position_tablet=&#8221;bottom_center&#8221; background_position_phone=&#8221;bottom_left&#8221; locked=&#8221;off&#8221; global_colors_info=&#8221;{}&#8221;][et_pb_row _builder_version=&#8221;4.16&#8243; _module_preset=&#8221;default&#8221; custom_padding=&#8221;||||false|false&#8221; global_colors_info=&#8221;{}&#8221;][et_pb_column type=&#8221;4_4&#8243; _builder_version=&#8221;4.16&#8243; _module_preset=&#8221;default&#8221; global_colors_info=&#8221;{}&#8221;][et_pb_text _builder_version=&#8221;4.27.5&#8243; _module_preset=&#8221;default&#8221; header_2_text_color=&#8221;#0070F5&#8243; header_2_font_size=&#8221;2.4em&#8221; locked=&#8221;off&#8221; global_colors_info=&#8221;{}&#8221;]<\/p>\n<h2>Accedeix a les aplicacions d&#8217;Edorteam<\/h2>\n<p>Per a accedir a qualsevol de les nostres aplicacions al n\u00favol necessitar\u00e0s connectar-te amb el teu nom <strong>d&#8217;usuari i contrassenya.<\/strong><br \/>Si no recordes les teves dades d&#8217;acc\u00e9s, si us plau, <strong><a href=\"https:\/\/edorteam.com\/ca\/contacte\/\">contacta amb nosaltres.<\/a><\/strong><\/p>\n<p>&nbsp;<\/p>\n<p>[\/et_pb_text][\/et_pb_column][\/et_pb_row][\/et_pb_section][et_pb_section fb_built=&#8221;1&#8243; _builder_version=&#8221;4.16&#8243; background_color=&#8221;#ffffff&#8221; bottom_divider_height=&#8221;50px&#8221; bottom_divider_flip=&#8221;vertical&#8221; animation_style=&#8221;slide&#8221; animation_direction=&#8221;bottom&#8221; animation_intensity_slide=&#8221;25%&#8221; global_colors_info=&#8221;{}&#8221;][et_pb_row column_structure=&#8221;1_4,1_4,1_4,1_4&#8243; use_custom_gutter=&#8221;on&#8221; gutter_width=&#8221;2&#8243; make_equal=&#8221;on&#8221; _builder_version=&#8221;4.27.5&#8243; _module_preset=&#8221;default&#8221; custom_margin=&#8221;-100px||||false|false&#8221; custom_padding=&#8221;0px||||false|false&#8221; scroll_vertical_motion_enable=&#8221;on&#8221; scroll_vertical_motion=&#8221;0|50|50|100|2|0|0&#8243; motion_trigger_start=&#8221;top&#8221; global_colors_info=&#8221;{}&#8221;][et_pb_column type=&#8221;1_4&#8243; _builder_version=&#8221;4.16&#8243; _module_preset=&#8221;default&#8221; background_color=&#8221;#ffffff&#8221; use_background_color_gradient=&#8221;on&#8221; background_color_gradient_direction=&#8221;125deg&#8221; background_color_gradient_stops=&#8221;#ffffff 0%|rgba(0,0,0,0) 50%&#8221; background_color_gradient_overlays_image=&#8221;on&#8221; background_color_gradient_start=&#8221;#ffffff&#8221; background_color_gradient_end=&#8221;rgba(0,0,0,0)&#8221; background_color_gradient_end_position=&#8221;50%&#8221; background_image=&#8221;https:\/\/edorteam.com\/wp-content\/uploads\/compliance-penal-empresa.png&#8221; transform_translate_linked=&#8221;off&#8221; custom_padding=&#8221;4vh|4vh|4vh|4vh|true|true&#8221; link_option_url=&#8221;https:\/\/webmail.edorteam.com\/&#8221; link_option_url_new_window=&#8221;on&#8221; box_shadow_style=&#8221;preset3&#8243; global_colors_info=&#8221;{}&#8221; transform_styles__hover_enabled=&#8221;on|hover&#8221; transform_scale__hover_enabled=&#8221;on|desktop&#8221; transform_translate__hover_enabled=&#8221;on|hover&#8221; transform_rotate__hover_enabled=&#8221;on|desktop&#8221; transform_skew__hover_enabled=&#8221;on|desktop&#8221; transform_origin__hover_enabled=&#8221;on|desktop&#8221; transform_translate__hover=&#8221;15px|0px&#8221; filter_opacity__hover_enabled=&#8221;on|hover&#8221; filter_hue_rotate__hover_enabled=&#8221;on|hover&#8221; filter_hue_rotate__hover=&#8221;0deg&#8221; background__hover_enabled=&#8221;off|hover&#8221; filter_opacity__hover=&#8221;75%&#8221;][et_pb_blurb title=&#8221;Webmail&#8221; use_icon=&#8221;on&#8221; font_icon=&#8221;&#xe010;||divi||400&#8243; icon_color=&#8221;#ffffff&#8221; image_icon_width=&#8221;6em&#8221; icon_alignment=&#8221;right&#8221; _builder_version=&#8221;4.16&#8243; _module_preset=&#8221;default&#8221; header_level=&#8221;h2&#8243; header_font_size=&#8221;1.6em&#8221; text_orientation=&#8221;right&#8221; background_layout=&#8221;dark&#8221; custom_css_blurb_image=&#8221;margin-bottom: 5px;&#8221; icon_font_size=&#8221;6em&#8221; global_colors_info=&#8221;{}&#8221;][\/et_pb_blurb][\/et_pb_column][et_pb_column type=&#8221;1_4&#8243; _builder_version=&#8221;4.16&#8243; _module_preset=&#8221;default&#8221; background_color=&#8221;#ffffff&#8221; use_background_color_gradient=&#8221;on&#8221; background_color_gradient_direction=&#8221;125deg&#8221; background_color_gradient_stops=&#8221;#0000bb 0%|rgba(0,0,0,0) 50%&#8221; background_color_gradient_overlays_image=&#8221;on&#8221; background_color_gradient_start=&#8221;#0000bb&#8221; background_color_gradient_end=&#8221;rgba(0,0,0,0)&#8221; background_color_gradient_end_position=&#8221;50%&#8221; background_image=&#8221;https:\/\/edorteam.com\/wp-content\/uploads\/compliance-penal-empresa.png&#8221; transform_translate_linked=&#8221;off&#8221; custom_padding=&#8221;4vh|4vh|4vh|4vh|true|true&#8221; link_option_url=&#8221;https:\/\/ds.lopd-online.es\/&#8221; link_option_url_new_window=&#8221;on&#8221; box_shadow_style=&#8221;preset3&#8243; global_colors_info=&#8221;{}&#8221; transform_styles__hover_enabled=&#8221;on|hover&#8221; transform_scale__hover_enabled=&#8221;on|desktop&#8221; transform_translate__hover_enabled=&#8221;on|hover&#8221; transform_rotate__hover_enabled=&#8221;on|desktop&#8221; transform_skew__hover_enabled=&#8221;on|desktop&#8221; transform_origin__hover_enabled=&#8221;on|desktop&#8221; transform_translate__hover=&#8221;15px|0px&#8221; filter_opacity__hover_enabled=&#8221;on|hover&#8221; filter_hue_rotate__hover_enabled=&#8221;on|hover&#8221; filter_hue_rotate__hover=&#8221;0deg&#8221; filter_opacity__hover=&#8221;75%&#8221;][et_pb_blurb title=&#8221;ET Legal&#8221; image=&#8221;https:\/\/edorteam.com\/wp-content\/uploads\/gestion-lopd-compliance-profesionales.png&#8221; image_icon_width=&#8221;40%&#8221; icon_alignment=&#8221;right&#8221; _builder_version=&#8221;4.22.1&#8243; _module_preset=&#8221;default&#8221; header_level=&#8221;h2&#8243; header_font_size=&#8221;1.6em&#8221; text_orientation=&#8221;right&#8221; background_layout=&#8221;dark&#8221; custom_css_blurb_image=&#8221;margin-bottom: 5px;&#8221; image_max_width=&#8221;40%&#8221; global_colors_info=&#8221;{}&#8221;][\/et_pb_blurb][\/et_pb_column][et_pb_column type=&#8221;1_4&#8243; _builder_version=&#8221;4.27.5&#8243; _module_preset=&#8221;default&#8221; background_color=&#8221;#ffffff&#8221; use_background_color_gradient=&#8221;on&#8221; background_color_gradient_direction=&#8221;125deg&#8221; background_color_gradient_stops=&#8221;#aa00ff 0%|rgba(0,0,0,0) 50%&#8221; background_color_gradient_overlays_image=&#8221;on&#8221; background_color_gradient_start=&#8221;#aa00ff&#8221; background_color_gradient_end=&#8221;rgba(0,0,0,0)&#8221; background_color_gradient_end_position=&#8221;50%&#8221; background_image=&#8221;https:\/\/edorteam.com\/wp-content\/uploads\/compliance-penal-empresa.png&#8221; transform_translate_linked=&#8221;off&#8221; custom_padding=&#8221;4vh|4vh|4vh|4vh|true|true&#8221; link_option_url=&#8221;https:\/\/docs.edorteam.com\/&#8221; link_option_url_new_window=&#8221;on&#8221; box_shadow_style=&#8221;preset3&#8243; global_colors_info=&#8221;{}&#8221; transform_styles__hover_enabled=&#8221;on|hover&#8221; filter_opacity__hover_enabled=&#8221;on|hover&#8221; filter_hue_rotate__hover_enabled=&#8221;on|hover&#8221; filter_hue_rotate__hover=&#8221;0deg&#8221; transform_scale__hover_enabled=&#8221;on|desktop&#8221; transform_translate__hover=&#8221;15px|0px&#8221; transform_translate__hover_enabled=&#8221;on|hover&#8221; transform_rotate__hover_enabled=&#8221;on|desktop&#8221; transform_skew__hover_enabled=&#8221;on|desktop&#8221; transform_origin__hover_enabled=&#8221;on|desktop&#8221; filter_opacity__hover=&#8221;75%&#8221;][et_pb_blurb title=&#8221;Edorteam DOCS&#8221; image=&#8221;https:\/\/edorteam.com\/wp-content\/uploads\/gestion-documental-online.png&#8221; image_icon_width=&#8221;40%&#8221; icon_alignment=&#8221;right&#8221; _builder_version=&#8221;4.27.5&#8243; _module_preset=&#8221;default&#8221; header_level=&#8221;h2&#8243; header_font_size=&#8221;1.6em&#8221; text_orientation=&#8221;right&#8221; background_layout=&#8221;dark&#8221; custom_css_blurb_image=&#8221;margin-bottom: 5px;&#8221; image_max_width=&#8221;40%&#8221; global_colors_info=&#8221;{}&#8221;][\/et_pb_blurb][\/et_pb_column][et_pb_column type=&#8221;1_4&#8243; _builder_version=&#8221;4.22.1&#8243; _module_preset=&#8221;default&#8221; background_color=&#8221;#ffffff&#8221; use_background_color_gradient=&#8221;on&#8221; background_color_gradient_direction=&#8221;125deg&#8221; background_color_gradient_stops=&#8221;#b7f900 0%|rgba(0,0,0,0) 50%&#8221; background_color_gradient_overlays_image=&#8221;on&#8221; background_color_gradient_start=&#8221;#b7f900&#8243; background_color_gradient_end=&#8221;rgba(0,0,0,0)&#8221; background_color_gradient_end_position=&#8221;50%&#8221; background_image=&#8221;https:\/\/edorteam.com\/wp-content\/uploads\/compliance-penal-empresa.png&#8221; transform_translate_linked=&#8221;off&#8221; custom_padding=&#8221;4vh|4vh|4vh|4vh|true|true&#8221; link_option_url=&#8221;http:\/\/edorteambackup01.edorteamsoftware.com\/obs\/user\/logon.do&#8221; link_option_url_new_window=&#8221;on&#8221; box_shadow_style=&#8221;preset3&#8243; global_colors_info=&#8221;{}&#8221; transform_styles__hover_enabled=&#8221;on|hover&#8221; filter_opacity__hover_enabled=&#8221;on|hover&#8221; filter_hue_rotate__hover_enabled=&#8221;on|hover&#8221; filter_hue_rotate__hover=&#8221;0deg&#8221; filter_opacity__hover=&#8221;75%&#8221; transform_scale__hover_enabled=&#8221;on|desktop&#8221; transform_translate__hover=&#8221;15px|0px&#8221; transform_translate__hover_enabled=&#8221;on|hover&#8221; transform_rotate__hover_enabled=&#8221;on|desktop&#8221; transform_skew__hover_enabled=&#8221;on|desktop&#8221; transform_origin__hover_enabled=&#8221;on|desktop&#8221;][et_pb_blurb title=&#8221;Edorteam BACKUP&#8221; image=&#8221;https:\/\/edorteam.com\/wp-content\/uploads\/copia-seguridad-en-la-nube.png&#8221; image_icon_width=&#8221;40%&#8221; icon_alignment=&#8221;right&#8221; _builder_version=&#8221;4.27.5&#8243; _module_preset=&#8221;default&#8221; header_level=&#8221;h2&#8243; header_font_size=&#8221;1.6em&#8221; text_orientation=&#8221;right&#8221; background_layout=&#8221;dark&#8221; custom_css_blurb_image=&#8221;margin-bottom: 5px;&#8221; image_max_width=&#8221;40%&#8221; global_colors_info=&#8221;{}&#8221;][\/et_pb_blurb][\/et_pb_column][\/et_pb_row][et_pb_row column_structure=&#8221;1_4,1_4,1_4,1_4&#8243; use_custom_gutter=&#8221;on&#8221; gutter_width=&#8221;2&#8243; make_equal=&#8221;on&#8221; _builder_version=&#8221;4.22.1&#8243; _module_preset=&#8221;default&#8221; custom_padding=&#8221;0px||||false|false&#8221; scroll_vertical_motion_enable=&#8221;on&#8221; scroll_vertical_motion=&#8221;0|50|50|100|2|0|0&#8243; motion_trigger_start=&#8221;top&#8221; global_colors_info=&#8221;{}&#8221;][et_pb_column type=&#8221;1_4&#8243; _builder_version=&#8221;4.22.1&#8243; _module_preset=&#8221;default&#8221; background_color=&#8221;#ffffff&#8221; use_background_color_gradient=&#8221;on&#8221; background_color_gradient_direction=&#8221;125deg&#8221; background_color_gradient_stops=&#8221;#f9d800 0%|rgba(0,0,0,0) 50%&#8221; background_color_gradient_overlays_image=&#8221;on&#8221; background_color_gradient_start=&#8221;#b7f900&#8243; background_color_gradient_end=&#8221;rgba(0,0,0,0)&#8221; background_color_gradient_end_position=&#8221;50%&#8221; background_image=&#8221;https:\/\/edorteam.com\/wp-content\/uploads\/compliance-penal-empresa.png&#8221; transform_translate_linked=&#8221;off&#8221; custom_padding=&#8221;4vh|4vh|4vh|4vh|true|true&#8221; link_option_url=&#8221;https:\/\/crm.edorteam.com\/&#8221; link_option_url_new_window=&#8221;on&#8221; box_shadow_style=&#8221;preset3&#8243; global_colors_info=&#8221;{}&#8221; transform_styles__hover_enabled=&#8221;on|hover&#8221; filter_opacity__hover_enabled=&#8221;on|hover&#8221; filter_hue_rotate__hover_enabled=&#8221;on|hover&#8221; filter_hue_rotate__hover=&#8221;0deg&#8221; filter_opacity__hover=&#8221;75%&#8221; transform_scale__hover_enabled=&#8221;on|desktop&#8221; transform_translate__hover=&#8221;15px|0px&#8221; transform_translate__hover_enabled=&#8221;on|hover&#8221; transform_rotate__hover_enabled=&#8221;on|desktop&#8221; transform_skew__hover_enabled=&#8221;on|desktop&#8221; transform_origin__hover_enabled=&#8221;on|desktop&#8221;][et_pb_blurb title=&#8221;Edorteam CRM&#8221; use_icon=&#8221;on&#8221; font_icon=&#8221;&#xf21d;||fa||900&#8243; icon_color=&#8221;#ffffff&#8221; image_icon_width=&#8221;6em&#8221; icon_alignment=&#8221;right&#8221; _builder_version=&#8221;4.27.5&#8243; _module_preset=&#8221;default&#8221; header_level=&#8221;h2&#8243; header_font_size=&#8221;1.6em&#8221; text_orientation=&#8221;right&#8221; background_layout=&#8221;dark&#8221; custom_css_blurb_image=&#8221;margin-bottom: 5px;&#8221; icon_font_size=&#8221;6em&#8221; global_colors_info=&#8221;{}&#8221;][\/et_pb_blurb][\/et_pb_column][et_pb_column type=&#8221;1_4&#8243; _builder_version=&#8221;4.19.5&#8243; _dynamic_attributes=&#8221;link_option_url&#8221; _module_preset=&#8221;default&#8221; background_color=&#8221;#ffffff&#8221; use_background_color_gradient=&#8221;on&#8221; background_color_gradient_direction=&#8221;125deg&#8221; background_color_gradient_stops=&#8221;#ff7ff0 0%|rgba(0,0,0,0) 50%&#8221; background_color_gradient_overlays_image=&#8221;on&#8221; background_color_gradient_start=&#8221;#37424a&#8221; background_color_gradient_end=&#8221;rgba(0,0,0,0)&#8221; background_color_gradient_end_position=&#8221;50%&#8221; background_image=&#8221;https:\/\/edorteam.com\/wp-content\/uploads\/compliance-penal-empresa.png&#8221; transform_translate_linked=&#8221;off&#8221; custom_padding=&#8221;4vh|4vh|4vh|4vh|true|true&#8221; link_option_url=&#8221;@ET-DC@eyJkeW5hbWljIjp0cnVlLCJjb250ZW50IjoicG9zdF9saW5rX3VybF9wYWdlIiwic2V0dGluZ3MiOnsicG9zdF9pZCI6IjEwMjkwIn19@&#8221; box_shadow_style=&#8221;preset3&#8243; global_colors_info=&#8221;{}&#8221; transform_styles__hover_enabled=&#8221;on|hover&#8221; transform_scale__hover_enabled=&#8221;on|desktop&#8221; transform_translate__hover=&#8221;15px|0px&#8221; transform_translate__hover_enabled=&#8221;on|hover&#8221; transform_rotate__hover_enabled=&#8221;on|desktop&#8221; transform_skew__hover_enabled=&#8221;on|desktop&#8221; transform_origin__hover_enabled=&#8221;on|desktop&#8221; filter_hue_rotate__hover=&#8221;0deg&#8221; filter_hue_rotate__hover_enabled=&#8221;on|hover&#8221; filter_opacity__hover_enabled=&#8221;on|hover&#8221; filter_opacity__hover=&#8221;75%&#8221;][et_pb_blurb title=&#8221;Aula de formaci\u00f3&#8221; use_icon=&#8221;on&#8221; font_icon=&#8221;&#xf19d;||fa||900&#8243; icon_color=&#8221;#ffffff&#8221; image_icon_width=&#8221;6em&#8221; icon_alignment=&#8221;right&#8221; _builder_version=&#8221;4.19.5&#8243; _module_preset=&#8221;default&#8221; header_level=&#8221;h2&#8243; header_font_size=&#8221;1.6em&#8221; text_orientation=&#8221;right&#8221; background_layout=&#8221;dark&#8221; custom_css_blurb_image=&#8221;margin-bottom: 5px;&#8221; icon_font_size=&#8221;6em&#8221; global_colors_info=&#8221;{}&#8221;][\/et_pb_blurb][\/et_pb_column][et_pb_column type=&#8221;1_4&#8243; _builder_version=&#8221;4.16&#8243; _module_preset=&#8221;default&#8221; background_color=&#8221;#ffffff&#8221; use_background_color_gradient=&#8221;on&#8221; background_color_gradient_direction=&#8221;125deg&#8221; background_color_gradient_stops=&#8221;#37424a 0%|rgba(0,0,0,0) 50%&#8221; background_color_gradient_overlays_image=&#8221;on&#8221; background_color_gradient_start=&#8221;#37424a&#8221; background_color_gradient_end=&#8221;rgba(0,0,0,0)&#8221; background_color_gradient_end_position=&#8221;50%&#8221; background_image=&#8221;https:\/\/edorteam.com\/wp-content\/uploads\/compliance-penal-empresa.png&#8221; transform_translate_linked=&#8221;off&#8221; custom_padding=&#8221;4vh|4vh|4vh|4vh|true|true&#8221; link_option_url=&#8221;https:\/\/www.islonline.net\/start\/isllightclient&#8221; link_option_url_new_window=&#8221;on&#8221; box_shadow_style=&#8221;preset3&#8243; global_colors_info=&#8221;{}&#8221; transform_styles__hover_enabled=&#8221;on|hover&#8221; transform_scale__hover_enabled=&#8221;on|desktop&#8221; transform_translate__hover=&#8221;15px|0px&#8221; transform_translate__hover_enabled=&#8221;on|hover&#8221; transform_rotate__hover_enabled=&#8221;on|desktop&#8221; transform_skew__hover_enabled=&#8221;on|desktop&#8221; transform_origin__hover_enabled=&#8221;on|desktop&#8221; filter_hue_rotate__hover=&#8221;0deg&#8221; filter_hue_rotate__hover_enabled=&#8221;on|hover&#8221; filter_opacity__hover_enabled=&#8221;on|hover&#8221; filter_opacity__hover=&#8221;75%&#8221;][et_pb_blurb title=&#8221;Assist\u00e8ncia remota&#8221; use_icon=&#8221;on&#8221; font_icon=&#8221;&#xe00e;||divi||400&#8243; icon_color=&#8221;#ffffff&#8221; image_icon_width=&#8221;6em&#8221; icon_alignment=&#8221;right&#8221; _builder_version=&#8221;4.16&#8243; _module_preset=&#8221;default&#8221; header_level=&#8221;h2&#8243; header_font_size=&#8221;1.6em&#8221; text_orientation=&#8221;right&#8221; background_layout=&#8221;dark&#8221; custom_css_blurb_image=&#8221;margin-bottom: 5px;&#8221; icon_font_size=&#8221;6em&#8221; global_colors_info=&#8221;{}&#8221;][\/et_pb_blurb][\/et_pb_column][et_pb_column type=&#8221;1_4&#8243; _builder_version=&#8221;4.22.1&#8243; _module_preset=&#8221;default&#8221; link_option_url_new_window=&#8221;on&#8221; global_colors_info=&#8221;{}&#8221;][\/et_pb_column][\/et_pb_row][\/et_pb_section]<\/p>\n","protected":false},"excerpt":{"rendered":"<p>Accedeix a les aplicacions d&#8217;Edorteam Per a accedir a qualsevol de les nostres aplicacions al n\u00favol necessitar\u00e0s connectar-te amb el teu nom d&#8217;usuari i contrassenya.Si no recordes les teves dades d&#8217;acc\u00e9s, si us plau, contacta amb nosaltres. &nbsp;<\/p>\n","protected":false},"author":1,"featured_media":0,"parent":0,"menu_order":0,"comment_status":"closed","ping_status":"closed","template":"","meta":{"_et_pb_use_builder":"on","_et_pb_old_content":"","_et_gb_content_width":"","footnotes":""},"class_list":["post-6874","page","type-page","status-publish","hentry"],"yoast_head":"<!-- This site is optimized with the Yoast SEO plugin v27.1.1 - https:\/\/yoast.com\/product\/yoast-seo-wordpress\/ -->\n<title>\u00c0rea clients - Edorteam<\/title>\n<meta name=\"description\" content=\"\u00c0rea clients\" \/>\n<meta name=\"robots\" content=\"noindex, follow\" \/>\n<meta property=\"og:locale\" content=\"ca_ES\" \/>\n<meta property=\"og:type\" content=\"article\" \/>\n<meta property=\"og:title\" content=\"\u00c0rea clients - Edorteam\" \/>\n<meta property=\"og:description\" content=\"\u00c0rea clients\" \/>\n<meta property=\"og:url\" content=\"https:\/\/edorteam.com\/ca\/area-clients\/\" \/>\n<meta property=\"og:site_name\" content=\"Edorteam\" \/>\n<meta property=\"article:publisher\" content=\"https:\/\/www.facebook.com\/edorteam\/\" \/>\n<meta property=\"article:modified_time\" content=\"2025-12-16T12:35:22+00:00\" \/>\n<meta property=\"og:image\" content=\"https:\/\/edorteam.com\/wp-content\/uploads\/cumplimiento-legal-empresas-abogado.jpg\" \/>\n\t<meta property=\"og:image:width\" content=\"1000\" \/>\n\t<meta property=\"og:image:height\" content=\"598\" \/>\n\t<meta property=\"og:image:type\" content=\"image\/jpeg\" \/>\n<meta name=\"twitter:card\" content=\"summary_large_image\" \/>\n<meta name=\"twitter:site\" content=\"@edorteam\" \/>\n<meta name=\"twitter:label1\" content=\"Temps estimat de lectura\" \/>\n\t<meta name=\"twitter:data1\" content=\"9 minuts\" \/>\n<script type=\"application\/ld+json\" class=\"yoast-schema-graph\">{\"@context\":\"https:\/\/schema.org\",\"@graph\":[{\"@type\":\"WebPage\",\"@id\":\"https:\/\/edorteam.com\/ca\/area-clients\/\",\"url\":\"https:\/\/edorteam.com\/ca\/area-clients\/\",\"name\":\"\u00c0rea clients - Edorteam\",\"isPartOf\":{\"@id\":\"https:\/\/edorteam.com\/ca\/#website\"},\"datePublished\":\"2020-12-21T11:07:41+00:00\",\"dateModified\":\"2025-12-16T12:35:22+00:00\",\"description\":\"\u00c0rea clients\",\"breadcrumb\":{\"@id\":\"https:\/\/edorteam.com\/ca\/area-clients\/#breadcrumb\"},\"inLanguage\":\"ca\",\"potentialAction\":[{\"@type\":\"ReadAction\",\"target\":[\"https:\/\/edorteam.com\/ca\/area-clients\/\"]}]},{\"@type\":\"BreadcrumbList\",\"@id\":\"https:\/\/edorteam.com\/ca\/area-clients\/#breadcrumb\",\"itemListElement\":[{\"@type\":\"ListItem\",\"position\":1,\"name\":\"Portada\",\"item\":\"https:\/\/edorteam.com\/ca\/\"},{\"@type\":\"ListItem\",\"position\":2,\"name\":\"\u00c0rea clients\"}]},{\"@type\":\"WebSite\",\"@id\":\"https:\/\/edorteam.com\/ca\/#website\",\"url\":\"https:\/\/edorteam.com\/ca\/\",\"name\":\"Consultor\u00eda Compliance y protecci\u00f3n de datos\",\"description\":\"Empresa de Ciberseguridad y Protecci\u00f3n de Datos\",\"publisher\":{\"@id\":\"https:\/\/edorteam.com\/ca\/#organization\"},\"alternateName\":\"Edorteam\",\"potentialAction\":[{\"@type\":\"SearchAction\",\"target\":{\"@type\":\"EntryPoint\",\"urlTemplate\":\"https:\/\/edorteam.com\/ca\/?s={search_term_string}\"},\"query-input\":{\"@type\":\"PropertyValueSpecification\",\"valueRequired\":true,\"valueName\":\"search_term_string\"}}],\"inLanguage\":\"ca\"},{\"@type\":\"Organization\",\"@id\":\"https:\/\/edorteam.com\/ca\/#organization\",\"name\":\"Edorteam | Empresa de ciberseguretat i protecci\u00f3 de dades\",\"alternateName\":\"Edorteam\",\"url\":\"https:\/\/edorteam.com\/ca\/\",\"logo\":{\"@type\":\"ImageObject\",\"inLanguage\":\"ca\",\"@id\":\"https:\/\/edorteam.com\/ca\/#\/schema\/logo\/image\/\",\"url\":\"https:\/\/edorteam.com\/wp-content\/uploads\/cropped-favicon.png\",\"contentUrl\":\"https:\/\/edorteam.com\/wp-content\/uploads\/cropped-favicon.png\",\"width\":512,\"height\":512,\"caption\":\"Edorteam | Empresa de ciberseguretat i protecci\u00f3 de dades\"},\"image\":{\"@id\":\"https:\/\/edorteam.com\/ca\/#\/schema\/logo\/image\/\"},\"sameAs\":[\"https:\/\/www.facebook.com\/edorteam\/\",\"https:\/\/x.com\/edorteam\",\"https:\/\/www.linkedin.com\/company\/edorteam\/\",\"https:\/\/www.instagram.com\/edorteam\/\"]}]}<\/script>\n<!-- \/ Yoast SEO plugin. -->","yoast_head_json":{"title":"\u00c0rea clients - Edorteam","description":"\u00c0rea clients","robots":{"index":"noindex","follow":"follow"},"og_locale":"ca_ES","og_type":"article","og_title":"\u00c0rea clients - Edorteam","og_description":"\u00c0rea clients","og_url":"https:\/\/edorteam.com\/ca\/area-clients\/","og_site_name":"Edorteam","article_publisher":"https:\/\/www.facebook.com\/edorteam\/","article_modified_time":"2025-12-16T12:35:22+00:00","og_image":[{"width":1000,"height":598,"url":"https:\/\/edorteam.com\/wp-content\/uploads\/cumplimiento-legal-empresas-abogado.jpg","type":"image\/jpeg"}],"twitter_card":"summary_large_image","twitter_site":"@edorteam","twitter_misc":{"Temps estimat de lectura":"9 minuts"},"schema":{"@context":"https:\/\/schema.org","@graph":[{"@type":"WebPage","@id":"https:\/\/edorteam.com\/ca\/area-clients\/","url":"https:\/\/edorteam.com\/ca\/area-clients\/","name":"\u00c0rea clients - Edorteam","isPartOf":{"@id":"https:\/\/edorteam.com\/ca\/#website"},"datePublished":"2020-12-21T11:07:41+00:00","dateModified":"2025-12-16T12:35:22+00:00","description":"\u00c0rea clients","breadcrumb":{"@id":"https:\/\/edorteam.com\/ca\/area-clients\/#breadcrumb"},"inLanguage":"ca","potentialAction":[{"@type":"ReadAction","target":["https:\/\/edorteam.com\/ca\/area-clients\/"]}]},{"@type":"BreadcrumbList","@id":"https:\/\/edorteam.com\/ca\/area-clients\/#breadcrumb","itemListElement":[{"@type":"ListItem","position":1,"name":"Portada","item":"https:\/\/edorteam.com\/ca\/"},{"@type":"ListItem","position":2,"name":"\u00c0rea clients"}]},{"@type":"WebSite","@id":"https:\/\/edorteam.com\/ca\/#website","url":"https:\/\/edorteam.com\/ca\/","name":"Consultor\u00eda Compliance y protecci\u00f3n de datos","description":"Empresa de Ciberseguridad y Protecci\u00f3n de Datos","publisher":{"@id":"https:\/\/edorteam.com\/ca\/#organization"},"alternateName":"Edorteam","potentialAction":[{"@type":"SearchAction","target":{"@type":"EntryPoint","urlTemplate":"https:\/\/edorteam.com\/ca\/?s={search_term_string}"},"query-input":{"@type":"PropertyValueSpecification","valueRequired":true,"valueName":"search_term_string"}}],"inLanguage":"ca"},{"@type":"Organization","@id":"https:\/\/edorteam.com\/ca\/#organization","name":"Edorteam | Empresa de ciberseguretat i protecci\u00f3 de dades","alternateName":"Edorteam","url":"https:\/\/edorteam.com\/ca\/","logo":{"@type":"ImageObject","inLanguage":"ca","@id":"https:\/\/edorteam.com\/ca\/#\/schema\/logo\/image\/","url":"https:\/\/edorteam.com\/wp-content\/uploads\/cropped-favicon.png","contentUrl":"https:\/\/edorteam.com\/wp-content\/uploads\/cropped-favicon.png","width":512,"height":512,"caption":"Edorteam | Empresa de ciberseguretat i protecci\u00f3 de dades"},"image":{"@id":"https:\/\/edorteam.com\/ca\/#\/schema\/logo\/image\/"},"sameAs":["https:\/\/www.facebook.com\/edorteam\/","https:\/\/x.com\/edorteam","https:\/\/www.linkedin.com\/company\/edorteam\/","https:\/\/www.instagram.com\/edorteam\/"]}]}},"_links":{"self":[{"href":"https:\/\/edorteam.com\/ca\/wp-json\/wp\/v2\/pages\/6874","targetHints":{"allow":["GET"]}}],"collection":[{"href":"https:\/\/edorteam.com\/ca\/wp-json\/wp\/v2\/pages"}],"about":[{"href":"https:\/\/edorteam.com\/ca\/wp-json\/wp\/v2\/types\/page"}],"author":[{"embeddable":true,"href":"https:\/\/edorteam.com\/ca\/wp-json\/wp\/v2\/users\/1"}],"replies":[{"embeddable":true,"href":"https:\/\/edorteam.com\/ca\/wp-json\/wp\/v2\/comments?post=6874"}],"version-history":[{"count":15,"href":"https:\/\/edorteam.com\/ca\/wp-json\/wp\/v2\/pages\/6874\/revisions"}],"predecessor-version":[{"id":19195,"href":"https:\/\/edorteam.com\/ca\/wp-json\/wp\/v2\/pages\/6874\/revisions\/19195"}],"wp:attachment":[{"href":"https:\/\/edorteam.com\/ca\/wp-json\/wp\/v2\/media?parent=6874"}],"curies":[{"name":"wp","href":"https:\/\/api.w.org\/{rel}","templated":true}]}}